{"id":141,"date":"2019-10-31T17:27:14","date_gmt":"2019-10-31T17:27:14","guid":{"rendered":"http:\/\/www.lccf.fi\/?page_id=141"},"modified":"2020-01-22T18:23:25","modified_gmt":"2020-01-22T18:23:25","slug":"rekisteriseloste","status":"publish","type":"page","link":"https:\/\/www.lccf.fi\/index.php\/rekisteriseloste\/","title":{"rendered":"Rekisteriseloste"},"content":{"rendered":"\n<p>REKISTERISELOSTE Henkil\u00f6tietolain (523\/1999) 10 \u00a7 mukainen\nrekisteriseloste <\/p>\n\n\n\n<p>&nbsp;<strong>1 Rekisterin nimi<\/strong><\/p>\n\n\n\n<p>Lotus Car\nClub of Finland ry:n j\u00e4senrekisteri<\/p>\n\n\n\n<p><strong>2\nRekisterinpit\u00e4j\u00e4<\/strong><\/p>\n\n\n\n<p>Nimi: Lotus\nCar Club of Finland ry<\/p>\n\n\n\n<p>Verkkosivut: www.lccf.fi<\/p>\n\n\n\n<p>S\u00e4hk\u00f6posti: info@lccf.fi<\/p>\n\n\n\n<p><strong>2.1 Rekisteriasioista vastaava henkil\u00f6<\/strong><\/p>\n\n\n\n<p>Nimi: Jukka Ollikainen<\/p>\n\n\n\n<p>Puhelin: 044 3525433<\/p>\n\n\n\n<p>S\u00e4hk\u00f6posti: vpj@lccf.fi<\/p>\n\n\n\n<p><strong>3 Henkil\u00f6tietojen k\u00e4sittelyn tarkoitus \/ Rekisterin\nk\u00e4ytt\u00f6tarkoitus<\/strong><\/p>\n\n\n\n<p>Rekisterin tarkoituksena on ker\u00e4t\u00e4 yhdistyksen j\u00e4senist\u00e4\nyhdistyslain (503\/1989) 11 \u00a7:n vaatimat henkil\u00f6tiedot ja muut yhdistyksen\ntoimintaa varten tarpeelliset tiedot. Yhteys- ja j\u00e4senyystietoja ker\u00e4t\u00e4\u00e4n\nj\u00e4senasioiden hoitamista, tiedotusta ja laskutusta varten, sek\u00e4\nkerhotuotekauppaa ja tapahtumaj\u00e4rjestelyj\u00e4 varten. <\/p>\n\n\n\n<p>Tiedoista voidaan koota tilastoja, joista yksitt\u00e4ist\u00e4\nj\u00e4sent\u00e4 ei ole mahdollista tunnistaa. <\/p>\n\n\n\n<p><strong>4 Rekisterin tietosis\u00e4lt\u00f6<\/strong><\/p>\n\n\n\n<p>Rekisteriin ker\u00e4t\u00e4\u00e4n pakollisina tietoina yhdistyslain\n(503\/1989) 11 \u00a7:n vaatimat henkil\u00f6tiedot, eli j\u00e4senen t\u00e4ydellinen nimi ja\nkotipaikka. Lis\u00e4ksi voidaan ker\u00e4t\u00e4 esimerkiksi seuraavat tiedot: <\/p>\n\n\n\n<p>J\u00e4senten yhteystiedot esim. kerhon j\u00e4seniins\u00e4 suuntamaa\ntiedotustoimintaa varten (postiosoite, puhelin ja s\u00e4hk\u00f6posti)<\/p>\n\n\n\n<p>J\u00e4senyystiedot (j\u00e4sentyyppi, toimenkuva, j\u00e4senyyden\nalkamisajankohta)<\/p>\n\n\n\n<p>J\u00e4senmaksutiedot (laskutukset ja maksusuoritukset)<\/p>\n\n\n\n<p>Lis\u00e4tiedot (auton tiedot, kerhotuotetilaukset yms.) <\/p>\n","protected":false},"excerpt":{"rendered":"<p>REKISTERISELOSTE Henkil\u00f6tietolain (523\/1999) 10 \u00a7 mukainen rekisteriseloste &nbsp;1 Rekisterin nimi Lotus Car Club of Finland ry:n j\u00e4senrekisteri 2 Rekisterinpit\u00e4j\u00e4 Nimi: Lotus Car Club of Finland ry Verkkosivut: www.lccf.fi S\u00e4hk\u00f6posti: info@lccf.fi 2.1 Rekisteriasioista vastaava henkil\u00f6 Nimi: Jukka Ollikainen Puhelin: 044 3525433 S\u00e4hk\u00f6posti: vpj@lccf.fi 3 Henkil\u00f6tietojen k\u00e4sittelyn tarkoitus \/ Rekisterin k\u00e4ytt\u00f6tarkoitus Rekisterin tarkoituksena on ker\u00e4t\u00e4 yhdistyksen j\u00e4senist\u00e4 &hellip; <\/p>\n<p class=\"link-more\"><a href=\"https:\/\/www.lccf.fi\/index.php\/rekisteriseloste\/\" class=\"more-link\">Jatka lukemista<span class=\"screen-reader-text\"> &#8221;Rekisteriseloste&#8221;<\/span><\/a><\/p>\n","protected":false},"author":1,"featured_media":0,"parent":0,"menu_order":0,"comment_status":"closed","ping_status":"closed","template":"","meta":{"ngg_post_thumbnail":0,"footnotes":""},"class_list":["post-141","page","type-page","status-publish","hentry"],"_links":{"self":[{"href":"https:\/\/www.lccf.fi\/index.php\/wp-json\/wp\/v2\/pages\/141","targetHints":{"allow":["GET"]}}],"collection":[{"href":"https:\/\/www.lccf.fi\/index.php\/wp-json\/wp\/v2\/pages"}],"about":[{"href":"https:\/\/www.lccf.fi\/index.php\/wp-json\/wp\/v2\/types\/page"}],"author":[{"embeddable":true,"href":"https:\/\/www.lccf.fi\/index.php\/wp-json\/wp\/v2\/users\/1"}],"replies":[{"embeddable":true,"href":"https:\/\/www.lccf.fi\/index.php\/wp-json\/wp\/v2\/comments?post=141"}],"version-history":[{"count":4,"href":"https:\/\/www.lccf.fi\/index.php\/wp-json\/wp\/v2\/pages\/141\/revisions"}],"predecessor-version":[{"id":165,"href":"https:\/\/www.lccf.fi\/index.php\/wp-json\/wp\/v2\/pages\/141\/revisions\/165"}],"wp:attachment":[{"href":"https:\/\/www.lccf.fi\/index.php\/wp-json\/wp\/v2\/media?parent=141"}],"curies":[{"name":"wp","href":"https:\/\/api.w.org\/{rel}","templated":true}]}}